{"id":920,"date":"2024-11-01T20:10:15","date_gmt":"2024-11-01T20:10:15","guid":{"rendered":"https:\/\/click-fraud-software.com\/?page_id=920"},"modified":"2024-11-06T20:26:13","modified_gmt":"2024-11-06T20:26:13","slug":"privacy-policy","status":"publish","type":"page","link":"https:\/\/click-fraud-software.com\/it\/privacy-policy\/","title":{"rendered":"Informativa sulla Privacy"},"content":{"rendered":"<h1 class=\"wp-block-post-title\">Informativa sulla Privacy<\/h1>\n\n\n<p>A <em>click-fraud-software.com<\/em>, rispettiamo la tua privacy e ci impegniamo a proteggere le tue informazioni personali. La presente Informativa sulla privacy spiega quali dati raccogliamo, come li utilizziamo e i tuoi diritti in merito ai tuoi dati.<\/p>\n\n\n\n<p>Accedendo o utilizzando la nostra piattaforma, accetti i termini delineati nella presente Informativa sulla privacy.<\/p>\n\n\n\n<h3 class=\"wp-block-heading\">1. <strong>Informazioni che raccogliamo<\/strong><\/h3>\n\n\n\n<p>Raccogliamo informazioni per migliorare la nostra piattaforma e i nostri servizi, che includono:<\/p>\n\n\n\n<ul class=\"wp-block-list\">\n<li><strong>Informazioni personali<\/strong>: raccogliamo nomi e indirizzi e-mail forniti durante la registrazione dell'account o altre interazioni con la piattaforma.<\/li>\n\n\n\n<li><strong>Dati di navigazione<\/strong>: raccogliamo dati sulle tue interazioni con la nostra piattaforma per aiutarci a comprendere il comportamento degli utenti e migliorare l'esperienza dell'utente.<\/li>\n<\/ul>\n\n\n\n<h3 class=\"wp-block-heading\">2. <strong>Come utilizziamo le tue informazioni<\/strong><\/h3>\n\n\n\n<p>I dati che raccogliamo vengono utilizzati per i seguenti scopi:<\/p>\n\n\n\n<ul class=\"wp-block-list\">\n<li><strong>Migliorare l'esperienza dell'utente<\/strong>: Analizziamo i dati di navigazione per ottimizzare la funzionalit\u00e0 della piattaforma, garantendo un'esperienza migliore e pi\u00f9 pertinente.<\/li>\n\n\n\n<li><strong>Marketing e pubblicit\u00e0<\/strong>: Potremmo utilizzare le tue informazioni di contatto per informarti su aggiornamenti, software pertinente e altro materiale promozionale relativo alla prevenzione delle frodi.<\/li>\n\n\n\n<li><strong>Analitica<\/strong>: Utilizziamo i dati raccolti per analizzare le interazioni degli utenti con la nostra piattaforma, aiutandoci ad apportare miglioramenti e monitorare le prestazioni della piattaforma.<\/li>\n<\/ul>\n\n\n\n<p>Diamo priorit\u00e0 all'utilizzo dei dati solo in modi che avvantaggiano i nostri utenti e migliorino i nostri servizi.<\/p>\n\n\n\n<h3 class=\"wp-block-heading\">3. <strong>Condivisione e divulgazione dei dati<\/strong><\/h3>\n\n\n\n<p>Non vendiamo, affittiamo o condividiamo le tue informazioni personali con terze parti. Solo il nostro team accede alle tue informazioni per supportare e migliorare la tua esperienza sulla nostra piattaforma. Tuttavia, potremmo divulgare informazioni in determinate situazioni limitate:<\/p>\n\n\n\n<ul class=\"wp-block-list\">\n<li><strong>Obblighi legali<\/strong>: Se richiesto dalla legge o per conformarsi a processi legali.<\/li>\n\n\n\n<li><strong>Tutela dei diritti<\/strong>: Per proteggere i diritti, la propriet\u00e0 o la sicurezza di click-fraud-software.com, dei nostri utenti o di altri.<\/li>\n<\/ul>\n\n\n\n<h3 class=\"wp-block-heading\">4. <strong>Diritti dell'utente<\/strong><\/h3>\n\n\n\n<p>Rispettiamo i tuoi diritti riguardo ai tuoi dati personali. A seconda della tua posizione, potresti avere i seguenti diritti:<\/p>\n\n\n\n<ul class=\"wp-block-list\">\n<li><strong>Accesso<\/strong>: Puoi richiedere una copia delle tue informazioni personali in nostro possesso.<\/li>\n\n\n\n<li><strong>Correzione<\/strong>: \u00c8 possibile richiedere la correzione di informazioni inesatte o incomplete.<\/li>\n\n\n\n<li><strong>Cancellazione<\/strong>: Hai il diritto di richiedere la cancellazione del tuo account e dei tuoi dati personali.<\/li>\n\n\n\n<li><strong>Decidere di uscire<\/strong>: Puoi scegliere di rinunciare a ricevere comunicazioni promozionali in qualsiasi momento.<\/li>\n<\/ul>\n\n\n\n<p>Per qualsiasi richiesta relativa ai dati, vi invitiamo a contattarci all'indirizzo <strong>kiran@click-fraud-software.com<\/strong>.<\/p>\n\n\n\n<h3 class=\"wp-block-heading\">5. <strong>Conservazione dei dati<\/strong><\/h3>\n\n\n\n<p>Conserviamo le tue informazioni personali per il tempo necessario a fornire i nostri servizi o come richiesto dalla legge. Nello specifico:<\/p>\n\n\n\n<ul class=\"wp-block-list\">\n<li><strong>Conti inattivi<\/strong>: Gli account che rimangono inattivi per 1-2 mesi verranno eliminati.<\/li>\n\n\n\n<li><strong>Richieste di cancellazione<\/strong>: Su richiesta, cancelleremo tempestivamente i tuoi dati in conformit\u00e0 con le nostre politiche di conservazione dei dati.<\/li>\n<\/ul>\n\n\n\n<h3 class=\"wp-block-heading\">6. <strong>Sicurezza dei dati<\/strong><\/h3>\n\n\n\n<p>Implementiamo protocolli di sicurezza standard per proteggere i tuoi dati personali e impedire l'accesso non autorizzato. Sebbene ci sforziamo di utilizzare mezzi commercialmente accettabili per proteggere le tue informazioni personali, tieni presente che nessun metodo di trasmissione dei dati su Internet o metodo di archiviazione elettronica \u00e8 sicuro al 100%.<\/p>\n\n\n\n<h3 class=\"wp-block-heading\">7. <strong>Cookie e tecnologie di tracciamento<\/strong><\/h3>\n\n\n\n<p>La nostra piattaforma utilizza cookie e tecnologie di tracciamento simili per migliorare l'esperienza dell'utente e monitorare l'utilizzo del sito. I cookie sono piccoli file memorizzati sul tuo dispositivo che ci aiutano a ricordare le tue preferenze e a personalizzare i contenuti.<\/p>\n\n\n\n<p><strong>Gestione dei cookie<\/strong>: Puoi controllare l'utilizzo dei cookie tramite le impostazioni del browser, anche se la disabilitazione dei cookie potrebbe influire sulla tua esperienza sulla nostra piattaforma.<\/p>\n\n\n\n<h3 class=\"wp-block-heading\">8. <strong>Privacy dei bambini<\/strong><\/h3>\n\n\n\n<p>La nostra piattaforma \u00e8 destinata agli utenti di et\u00e0 pari o superiore a 18 anni. Non raccogliamo consapevolmente informazioni personali da bambini di et\u00e0 inferiore a 18 anni. Se venissimo a conoscenza di tale raccolta di dati, adotteremo misure immediate per eliminare queste informazioni.<\/p>\n\n\n\n<h3 class=\"wp-block-heading\">9. <strong>Modifiche alla presente Informativa sulla privacy<\/strong><\/h3>\n\n\n\n<p>Potremmo aggiornare la nostra Informativa sulla privacy di tanto in tanto per riflettere i cambiamenti nelle nostre pratiche o per motivi legali, tecnici o normativi. Pubblicheremo eventuali modifiche su questa pagina e la politica rivista entrer\u00e0 in vigore immediatamente dopo la pubblicazione. Ti invitiamo a rivedere periodicamente questa politica per eventuali aggiornamenti.<\/p>\n\n\n\n<h3 class=\"wp-block-heading\">10. <strong>Contattaci<\/strong><\/h3>\n\n\n\n<p>Se hai domande sulla presente Informativa sulla privacy o desideri esercitare i tuoi diritti relativi ai tuoi dati, ti preghiamo di contattarci:<\/p>\n\n\n\n<p><strong>E-mail<\/strong>: kiran@click-fraud-software.com<\/p>\n\n\n\n<p>La presente Informativa sulla privacy mira a fornire trasparenza e chiarezza sulle nostre pratiche relative ai dati, garantendo che le tue informazioni siano gestite in modo responsabile. Grazie per la fiducia <em>click-fraud-software.com<\/em> per proteggere la tua privacy.<\/p>","protected":false},"excerpt":{"rendered":"<p>At click-fraud-software.com, we respect your privacy and are committed to protecting your personal information. This Privacy Policy explains what data we collect, how we use it, and your rights regarding your data. By accessing or using our platform, you agree to the terms outlined in this Privacy Policy. 1. Information We Collect We collect information [&hellip;]<\/p>","protected":false},"author":1,"featured_media":0,"parent":0,"menu_order":0,"comment_status":"closed","ping_status":"closed","template":"","meta":{"footnotes":""},"class_list":["post-920","page","type-page","status-publish","hentry"],"yoast_head":"<!-- This site is optimized with the Yoast SEO plugin v24.3 - https:\/\/yoast.com\/wordpress\/plugins\/seo\/ -->\n<title>Click Fraud Software Privacy Policy<\/title>\n<meta name=\"description\" content=\"Our Privacy Policy ensures transparency in data handling, covering data retention, user rights, and security measures to protect IT specialists, marketers, and managers worldwide.\" \/>\n<meta name=\"robots\" content=\"index, follow, max-snippet:-1, max-image-preview:large, max-video-preview:-1\" \/>\n<link rel=\"canonical\" href=\"https:\/\/click-fraud-software.com\/it\/privacy-policy\/\" \/>\n<meta property=\"og:locale\" content=\"it_IT\" \/>\n<meta property=\"og:type\" content=\"article\" \/>\n<meta property=\"og:title\" content=\"Click Fraud Software Privacy Policy\" \/>\n<meta property=\"og:description\" content=\"Our Privacy Policy ensures transparency in data handling, covering data retention, user rights, and security measures to protect IT specialists, marketers, and managers worldwide.\" \/>\n<meta property=\"og:url\" content=\"https:\/\/click-fraud-software.com\/it\/privacy-policy\/\" \/>\n<meta property=\"og:site_name\" content=\"CFS - protect your traffic\" \/>\n<meta property=\"article:modified_time\" content=\"2024-11-06T20:26:13+00:00\" \/>\n<meta name=\"twitter:card\" content=\"summary_large_image\" \/>\n<meta name=\"twitter:label1\" content=\"Est. reading time\" \/>\n\t<meta name=\"twitter:data1\" content=\"3 minutes\" \/>\n<script type=\"application\/ld+json\" class=\"yoast-schema-graph\">{\"@context\":\"https:\/\/schema.org\",\"@graph\":[{\"@type\":\"WebPage\",\"@id\":\"https:\/\/click-fraud-software.com\/privacy-policy\/\",\"url\":\"https:\/\/click-fraud-software.com\/privacy-policy\/\",\"name\":\"Click Fraud Software Privacy Policy\",\"isPartOf\":{\"@id\":\"https:\/\/click-fraud-software.com\/#website\"},\"datePublished\":\"2024-11-01T20:10:15+00:00\",\"dateModified\":\"2024-11-06T20:26:13+00:00\",\"description\":\"Our Privacy Policy ensures transparency in data handling, covering data retention, user rights, and security measures to protect IT specialists, marketers, and managers worldwide.\",\"breadcrumb\":{\"@id\":\"https:\/\/click-fraud-software.com\/privacy-policy\/#breadcrumb\"},\"inLanguage\":\"it\",\"potentialAction\":[{\"@type\":\"ReadAction\",\"target\":[\"https:\/\/click-fraud-software.com\/privacy-policy\/\"]}]},{\"@type\":\"BreadcrumbList\",\"@id\":\"https:\/\/click-fraud-software.com\/privacy-policy\/#breadcrumb\",\"itemListElement\":[{\"@type\":\"ListItem\",\"position\":1,\"name\":\"Home\",\"item\":\"https:\/\/click-fraud-software.com\/\"},{\"@type\":\"ListItem\",\"position\":2,\"name\":\"Privacy Policy\"}]},{\"@type\":\"WebSite\",\"@id\":\"https:\/\/click-fraud-software.com\/#website\",\"url\":\"https:\/\/click-fraud-software.com\/\",\"name\":\"CFS - protect your traffic\",\"description\":\"\",\"publisher\":{\"@id\":\"https:\/\/click-fraud-software.com\/#organization\"},\"potentialAction\":[{\"@type\":\"SearchAction\",\"target\":{\"@type\":\"EntryPoint\",\"urlTemplate\":\"https:\/\/click-fraud-software.com\/?s={search_term_string}\"},\"query-input\":{\"@type\":\"PropertyValueSpecification\",\"valueRequired\":true,\"valueName\":\"search_term_string\"}}],\"inLanguage\":\"it\"},{\"@type\":\"Organization\",\"@id\":\"https:\/\/click-fraud-software.com\/#organization\",\"name\":\"CFS - protect your traffic\",\"url\":\"https:\/\/click-fraud-software.com\/\",\"logo\":{\"@type\":\"ImageObject\",\"inLanguage\":\"it\",\"@id\":\"https:\/\/click-fraud-software.com\/#\/schema\/logo\/image\/\",\"url\":\"https:\/\/click-fraud-software.com\/wp-content\/uploads\/2024\/10\/cropped-logo-cfs.jpg\",\"contentUrl\":\"https:\/\/click-fraud-software.com\/wp-content\/uploads\/2024\/10\/cropped-logo-cfs.jpg\",\"width\":115,\"height\":115,\"caption\":\"CFS - protect your traffic\"},\"image\":{\"@id\":\"https:\/\/click-fraud-software.com\/#\/schema\/logo\/image\/\"}}]}<\/script>\n<!-- \/ Yoast SEO plugin. -->","yoast_head_json":{"title":"Click Fraud Software Privacy Policy","description":"Our Privacy Policy ensures transparency in data handling, covering data retention, user rights, and security measures to protect IT specialists, marketers, and managers worldwide.","robots":{"index":"index","follow":"follow","max-snippet":"max-snippet:-1","max-image-preview":"max-image-preview:large","max-video-preview":"max-video-preview:-1"},"canonical":"https:\/\/click-fraud-software.com\/it\/privacy-policy\/","og_locale":"it_IT","og_type":"article","og_title":"Click Fraud Software Privacy Policy","og_description":"Our Privacy Policy ensures transparency in data handling, covering data retention, user rights, and security measures to protect IT specialists, marketers, and managers worldwide.","og_url":"https:\/\/click-fraud-software.com\/it\/privacy-policy\/","og_site_name":"CFS - protect your traffic","article_modified_time":"2024-11-06T20:26:13+00:00","twitter_card":"summary_large_image","twitter_misc":{"Est. reading time":"3 minutes"},"schema":{"@context":"https:\/\/schema.org","@graph":[{"@type":"WebPage","@id":"https:\/\/click-fraud-software.com\/privacy-policy\/","url":"https:\/\/click-fraud-software.com\/privacy-policy\/","name":"Click Fraud Software Privacy Policy","isPartOf":{"@id":"https:\/\/click-fraud-software.com\/#website"},"datePublished":"2024-11-01T20:10:15+00:00","dateModified":"2024-11-06T20:26:13+00:00","description":"Our Privacy Policy ensures transparency in data handling, covering data retention, user rights, and security measures to protect IT specialists, marketers, and managers worldwide.","breadcrumb":{"@id":"https:\/\/click-fraud-software.com\/privacy-policy\/#breadcrumb"},"inLanguage":"it","potentialAction":[{"@type":"ReadAction","target":["https:\/\/click-fraud-software.com\/privacy-policy\/"]}]},{"@type":"BreadcrumbList","@id":"https:\/\/click-fraud-software.com\/privacy-policy\/#breadcrumb","itemListElement":[{"@type":"ListItem","position":1,"name":"Home","item":"https:\/\/click-fraud-software.com\/"},{"@type":"ListItem","position":2,"name":"Privacy Policy"}]},{"@type":"WebSite","@id":"https:\/\/click-fraud-software.com\/#website","url":"https:\/\/click-fraud-software.com\/","name":"CFS - protect your traffic","description":"","publisher":{"@id":"https:\/\/click-fraud-software.com\/#organization"},"potentialAction":[{"@type":"SearchAction","target":{"@type":"EntryPoint","urlTemplate":"https:\/\/click-fraud-software.com\/?s={search_term_string}"},"query-input":{"@type":"PropertyValueSpecification","valueRequired":true,"valueName":"search_term_string"}}],"inLanguage":"it"},{"@type":"Organization","@id":"https:\/\/click-fraud-software.com\/#organization","name":"CFS - protect your traffic","url":"https:\/\/click-fraud-software.com\/","logo":{"@type":"ImageObject","inLanguage":"it","@id":"https:\/\/click-fraud-software.com\/#\/schema\/logo\/image\/","url":"https:\/\/click-fraud-software.com\/wp-content\/uploads\/2024\/10\/cropped-logo-cfs.jpg","contentUrl":"https:\/\/click-fraud-software.com\/wp-content\/uploads\/2024\/10\/cropped-logo-cfs.jpg","width":115,"height":115,"caption":"CFS - protect your traffic"},"image":{"@id":"https:\/\/click-fraud-software.com\/#\/schema\/logo\/image\/"}}]}},"_links":{"self":[{"href":"https:\/\/click-fraud-software.com\/it\/wp-json\/wp\/v2\/pages\/920","targetHints":{"allow":["GET"]}}],"collection":[{"href":"https:\/\/click-fraud-software.com\/it\/wp-json\/wp\/v2\/pages"}],"about":[{"href":"https:\/\/click-fraud-software.com\/it\/wp-json\/wp\/v2\/types\/page"}],"author":[{"embeddable":true,"href":"https:\/\/click-fraud-software.com\/it\/wp-json\/wp\/v2\/users\/1"}],"replies":[{"embeddable":true,"href":"https:\/\/click-fraud-software.com\/it\/wp-json\/wp\/v2\/comments?post=920"}],"version-history":[{"count":4,"href":"https:\/\/click-fraud-software.com\/it\/wp-json\/wp\/v2\/pages\/920\/revisions"}],"predecessor-version":[{"id":929,"href":"https:\/\/click-fraud-software.com\/it\/wp-json\/wp\/v2\/pages\/920\/revisions\/929"}],"wp:attachment":[{"href":"https:\/\/click-fraud-software.com\/it\/wp-json\/wp\/v2\/media?parent=920"}],"curies":[{"name":"wp","href":"https:\/\/api.w.org\/{rel}","templated":true}]}}