{"id":920,"date":"2024-11-01T20:10:15","date_gmt":"2024-11-01T20:10:15","guid":{"rendered":"https:\/\/click-fraud-software.com\/?page_id=920"},"modified":"2024-11-06T20:26:13","modified_gmt":"2024-11-06T20:26:13","slug":"privacy-policy","status":"publish","type":"page","link":"https:\/\/click-fraud-software.com\/de\/privacy-policy\/","title":{"rendered":"Datenschutzrichtlinie"},"content":{"rendered":"<h1 class=\"wp-block-post-title\">Datenschutzrichtlinie<\/h1>\n\n\n<p>At <em>click-fraud-software.com<\/em>wir respektieren Ihre Privatsph\u00e4re und verpflichten uns zum Schutz Ihrer pers\u00f6nlichen Daten. Diese Datenschutzrichtlinie erl\u00e4utert, welche Daten wir sammeln, wie wir sie verwenden und welche Rechte Sie bez\u00fcglich Ihrer Daten haben.<\/p>\n\n\n\n<p>Durch den Zugriff auf oder die Nutzung unserer Plattform stimmen Sie den in dieser Datenschutzrichtlinie dargelegten Bedingungen zu.<\/p>\n\n\n\n<h3 class=\"wp-block-heading\">1. <strong>Informationen, die wir sammeln<\/strong><\/h3>\n\n\n\n<p>Wir sammeln Informationen, um unsere Plattform und Dienste zu verbessern, darunter:<\/p>\n\n\n\n<ul class=\"wp-block-list\">\n<li><strong>Pers\u00f6nliche Informationen<\/strong>: Wir erfassen Namen und E-Mail-Adressen, die bei der Kontoregistrierung oder anderen Interaktionen mit der Plattform angegeben werden.<\/li>\n\n\n\n<li><strong>Durchsuchen von Daten<\/strong>: Wir sammeln Daten zu Ihren Interaktionen mit unserer Plattform, um das Benutzerverhalten zu verstehen und das Benutzererlebnis zu verbessern.<\/li>\n<\/ul>\n\n\n\n<h3 class=\"wp-block-heading\">2. <strong>Wie wir Ihre Informationen verwenden<\/strong><\/h3>\n\n\n\n<p>Die von uns erhobenen Daten werden f\u00fcr folgende Zwecke verwendet:<\/p>\n\n\n\n<ul class=\"wp-block-list\">\n<li><strong>Verbesserung der Benutzererfahrung<\/strong>: Wir analysieren Browserdaten, um die Funktionalit\u00e4t der Plattform zu optimieren und so ein besseres und relevanteres Erlebnis zu gew\u00e4hrleisten.<\/li>\n\n\n\n<li><strong>Marketing und Werbung<\/strong>: Wir k\u00f6nnen Ihre Kontaktinformationen verwenden, um Sie \u00fcber Updates, relevante Software und andere Werbematerialien im Zusammenhang mit der Betrugspr\u00e4vention zu informieren.<\/li>\n\n\n\n<li><strong>Analytik<\/strong>: Wir verwenden die gesammelten Daten, um Benutzerinteraktionen mit unserer Plattform zu analysieren und uns dabei zu helfen, Verbesserungen vorzunehmen und die Plattformleistung zu \u00fcberwachen.<\/li>\n<\/ul>\n\n\n\n<p>Wir legen Wert darauf, Daten nur auf eine Weise zu verwenden, die unseren Nutzern zugute kommt und unsere Dienste verbessert.<\/p>\n\n\n\n<h3 class=\"wp-block-heading\">3. <strong>Datenaustausch und Offenlegung<\/strong><\/h3>\n\n\n\n<p>Wir verkaufen, vermieten oder geben Ihre pers\u00f6nlichen Daten nicht an Dritte weiter. Auf Ihre Daten greift nur unser Team zu, um Ihr Erlebnis auf unserer Plattform zu unterst\u00fctzen und zu verbessern. Allerdings k\u00f6nnen wir in bestimmten, begrenzten Situationen Informationen offenlegen:<\/p>\n\n\n\n<ul class=\"wp-block-list\">\n<li><strong>Gesetzliche Verpflichtungen<\/strong>: Wenn gesetzlich vorgeschrieben oder zur Einhaltung rechtlicher Verfahren erforderlich.<\/li>\n\n\n\n<li><strong>Schutz der Rechte<\/strong>: Zum Schutz der Rechte, des Eigentums oder der Sicherheit von click-fraud-software.com, unseren Benutzern oder anderen.<\/li>\n<\/ul>\n\n\n\n<h3 class=\"wp-block-heading\">4. <strong>Benutzerrechte<\/strong><\/h3>\n\n\n\n<p>Wir respektieren Ihre Rechte bez\u00fcglich Ihrer personenbezogenen Daten. Abh\u00e4ngig von Ihrem Standort haben Sie m\u00f6glicherweise die folgenden Rechte:<\/p>\n\n\n\n<ul class=\"wp-block-list\">\n<li><strong>Zugang<\/strong>: Sie k\u00f6nnen eine Kopie Ihrer bei uns gespeicherten personenbezogenen Daten anfordern.<\/li>\n\n\n\n<li><strong>Korrektur<\/strong>: Sie k\u00f6nnen die Korrektur unrichtiger oder unvollst\u00e4ndiger Informationen verlangen.<\/li>\n\n\n\n<li><strong>Streichung<\/strong>: Sie haben das Recht, die L\u00f6schung Ihres Kontos und Ihrer personenbezogenen Daten zu verlangen.<\/li>\n\n\n\n<li><strong>Opt-out<\/strong>: Sie k\u00f6nnen den Erhalt von Werbemitteilungen jederzeit abbestellen.<\/li>\n<\/ul>\n\n\n\n<p>F\u00fcr alle datenbezogenen Anfragen kontaktieren Sie uns bitte unter <strong>kiran@click-fraud-software.com<\/strong>.<\/p>\n\n\n\n<h3 class=\"wp-block-heading\">5. <strong>Datenaufbewahrung<\/strong><\/h3>\n\n\n\n<p>Wir bewahren Ihre personenbezogenen Daten so lange auf, wie es f\u00fcr die Erbringung unserer Dienstleistungen erforderlich oder gesetzlich vorgeschrieben ist. Speziell:<\/p>\n\n\n\n<ul class=\"wp-block-list\">\n<li><strong>Inaktive Konten<\/strong>: Konten, die 1\u20132 Monate lang inaktiv bleiben, werden gel\u00f6scht.<\/li>\n\n\n\n<li><strong>L\u00f6schantr\u00e4ge<\/strong>: Auf Wunsch werden wir Ihre Daten entsprechend unserer Datenaufbewahrungsrichtlinien umgehend l\u00f6schen.<\/li>\n<\/ul>\n\n\n\n<h3 class=\"wp-block-heading\">6. <strong>Datensicherheit<\/strong><\/h3>\n\n\n\n<p>Wir implementieren Standard-Sicherheitsprotokolle, um Ihre pers\u00f6nlichen Daten zu sch\u00fctzen und unbefugten Zugriff zu verhindern. Obwohl wir bestrebt sind, zum Schutz Ihrer personenbezogenen Daten kommerziell akzeptable Mittel einzusetzen, beachten Sie bitte, dass keine Methode der Daten\u00fcbertragung \u00fcber das Internet oder Methode der elektronischen Speicherung zu 100 % sicher ist.<\/p>\n\n\n\n<h3 class=\"wp-block-heading\">7. <strong>Cookies und Tracking-Technologien<\/strong><\/h3>\n\n\n\n<p>Unsere Plattform verwendet Cookies und \u00e4hnliche Tracking-Technologien, um das Benutzererlebnis zu verbessern und die Nutzung der Website zu \u00fcberwachen. Cookies sind kleine Dateien, die auf Ihrem Ger\u00e4t gespeichert werden und uns helfen, Ihre Pr\u00e4ferenzen zu speichern und Inhalte anzupassen.<\/p>\n\n\n\n<p><strong>Cookies verwalten<\/strong>: Sie k\u00f6nnen die Verwendung von Cookies \u00fcber Ihre Browsereinstellungen steuern. Das Deaktivieren von Cookies kann sich jedoch auf Ihr Erlebnis auf unserer Plattform auswirken.<\/p>\n\n\n\n<h3 class=\"wp-block-heading\">8. <strong>Privatsph\u00e4re von Kindern<\/strong><\/h3>\n\n\n\n<p>Unsere Plattform richtet sich an Nutzer ab 18 Jahren. Wir erfassen wissentlich keine personenbezogenen Daten von Kindern unter 18 Jahren. Wenn uns eine solche Datenerfassung bekannt wird, werden wir unverz\u00fcglich Ma\u00dfnahmen ergreifen, um diese Informationen zu l\u00f6schen.<\/p>\n\n\n\n<h3 class=\"wp-block-heading\">9. <strong>\u00c4nderungen dieser Datenschutzrichtlinie<\/strong><\/h3>\n\n\n\n<p>Wir k\u00f6nnen unsere Datenschutzrichtlinie von Zeit zu Zeit aktualisieren, um \u00c4nderungen in unseren Praktiken Rechnung zu tragen oder aus rechtlichen, technischen oder regulatorischen Gr\u00fcnden. Wir werden alle \u00c4nderungen auf dieser Seite ver\u00f6ffentlichen und die \u00fcberarbeitete Richtlinie wird sofort nach der Ver\u00f6ffentlichung wirksam. Wir empfehlen Ihnen, diese Richtlinie regelm\u00e4\u00dfig auf Aktualisierungen zu \u00fcberpr\u00fcfen.<\/p>\n\n\n\n<h3 class=\"wp-block-heading\">10. <strong>Kontaktieren Sie uns<\/strong><\/h3>\n\n\n\n<p>Wenn Sie Fragen zu dieser Datenschutzerkl\u00e4rung haben oder Ihre Rechte bez\u00fcglich Ihrer Daten aus\u00fcben m\u00f6chten, kontaktieren Sie uns bitte:<\/p>\n\n\n\n<p><strong>Email<\/strong>: kiran@click-fraud-software.com<\/p>\n\n\n\n<p>Ziel dieser Datenschutzrichtlinie ist es, Transparenz und Klarheit \u00fcber unsere Datenpraktiken zu schaffen und sicherzustellen, dass mit Ihren Daten verantwortungsvoll umgegangen wird. Vielen Dank f\u00fcr Ihr Vertrauen <em>click-fraud-software.com<\/em> um Ihre Privatsph\u00e4re zu sch\u00fctzen.<\/p>","protected":false},"excerpt":{"rendered":"<p>At click-fraud-software.com, we respect your privacy and are committed to protecting your personal information. This Privacy Policy explains what data we collect, how we use it, and your rights regarding your data. By accessing or using our platform, you agree to the terms outlined in this Privacy Policy. 1. Information We Collect We collect information [&hellip;]<\/p>","protected":false},"author":1,"featured_media":0,"parent":0,"menu_order":0,"comment_status":"closed","ping_status":"closed","template":"","meta":{"footnotes":""},"class_list":["post-920","page","type-page","status-publish","hentry"],"yoast_head":"<!-- This site is optimized with the Yoast SEO plugin v24.3 - https:\/\/yoast.com\/wordpress\/plugins\/seo\/ -->\n<title>Click Fraud Software Privacy Policy<\/title>\n<meta name=\"description\" content=\"Our Privacy Policy ensures transparency in data handling, covering data retention, user rights, and security measures to protect IT specialists, marketers, and managers worldwide.\" \/>\n<meta name=\"robots\" content=\"index, follow, max-snippet:-1, max-image-preview:large, max-video-preview:-1\" \/>\n<link rel=\"canonical\" href=\"https:\/\/click-fraud-software.com\/de\/privacy-policy\/\" \/>\n<meta property=\"og:locale\" content=\"de_DE\" \/>\n<meta property=\"og:type\" content=\"article\" \/>\n<meta property=\"og:title\" content=\"Click Fraud Software Privacy Policy\" \/>\n<meta property=\"og:description\" content=\"Our Privacy Policy ensures transparency in data handling, covering data retention, user rights, and security measures to protect IT specialists, marketers, and managers worldwide.\" \/>\n<meta property=\"og:url\" content=\"https:\/\/click-fraud-software.com\/de\/privacy-policy\/\" \/>\n<meta property=\"og:site_name\" content=\"CFS - protect your traffic\" \/>\n<meta property=\"article:modified_time\" content=\"2024-11-06T20:26:13+00:00\" \/>\n<meta name=\"twitter:card\" content=\"summary_large_image\" \/>\n<meta name=\"twitter:label1\" content=\"Est. reading time\" \/>\n\t<meta name=\"twitter:data1\" content=\"3 minutes\" \/>\n<script type=\"application\/ld+json\" class=\"yoast-schema-graph\">{\"@context\":\"https:\/\/schema.org\",\"@graph\":[{\"@type\":\"WebPage\",\"@id\":\"https:\/\/click-fraud-software.com\/privacy-policy\/\",\"url\":\"https:\/\/click-fraud-software.com\/privacy-policy\/\",\"name\":\"Click Fraud Software Privacy Policy\",\"isPartOf\":{\"@id\":\"https:\/\/click-fraud-software.com\/#website\"},\"datePublished\":\"2024-11-01T20:10:15+00:00\",\"dateModified\":\"2024-11-06T20:26:13+00:00\",\"description\":\"Our Privacy Policy ensures transparency in data handling, covering data retention, user rights, and security measures to protect IT specialists, marketers, and managers worldwide.\",\"breadcrumb\":{\"@id\":\"https:\/\/click-fraud-software.com\/privacy-policy\/#breadcrumb\"},\"inLanguage\":\"de\",\"potentialAction\":[{\"@type\":\"ReadAction\",\"target\":[\"https:\/\/click-fraud-software.com\/privacy-policy\/\"]}]},{\"@type\":\"BreadcrumbList\",\"@id\":\"https:\/\/click-fraud-software.com\/privacy-policy\/#breadcrumb\",\"itemListElement\":[{\"@type\":\"ListItem\",\"position\":1,\"name\":\"Home\",\"item\":\"https:\/\/click-fraud-software.com\/\"},{\"@type\":\"ListItem\",\"position\":2,\"name\":\"Privacy Policy\"}]},{\"@type\":\"WebSite\",\"@id\":\"https:\/\/click-fraud-software.com\/#website\",\"url\":\"https:\/\/click-fraud-software.com\/\",\"name\":\"CFS - protect your traffic\",\"description\":\"\",\"publisher\":{\"@id\":\"https:\/\/click-fraud-software.com\/#organization\"},\"potentialAction\":[{\"@type\":\"SearchAction\",\"target\":{\"@type\":\"EntryPoint\",\"urlTemplate\":\"https:\/\/click-fraud-software.com\/?s={search_term_string}\"},\"query-input\":{\"@type\":\"PropertyValueSpecification\",\"valueRequired\":true,\"valueName\":\"search_term_string\"}}],\"inLanguage\":\"de\"},{\"@type\":\"Organization\",\"@id\":\"https:\/\/click-fraud-software.com\/#organization\",\"name\":\"CFS - protect your traffic\",\"url\":\"https:\/\/click-fraud-software.com\/\",\"logo\":{\"@type\":\"ImageObject\",\"inLanguage\":\"de\",\"@id\":\"https:\/\/click-fraud-software.com\/#\/schema\/logo\/image\/\",\"url\":\"https:\/\/click-fraud-software.com\/wp-content\/uploads\/2024\/10\/cropped-logo-cfs.jpg\",\"contentUrl\":\"https:\/\/click-fraud-software.com\/wp-content\/uploads\/2024\/10\/cropped-logo-cfs.jpg\",\"width\":115,\"height\":115,\"caption\":\"CFS - protect your traffic\"},\"image\":{\"@id\":\"https:\/\/click-fraud-software.com\/#\/schema\/logo\/image\/\"}}]}<\/script>\n<!-- \/ Yoast SEO plugin. -->","yoast_head_json":{"title":"Click Fraud Software Privacy Policy","description":"Our Privacy Policy ensures transparency in data handling, covering data retention, user rights, and security measures to protect IT specialists, marketers, and managers worldwide.","robots":{"index":"index","follow":"follow","max-snippet":"max-snippet:-1","max-image-preview":"max-image-preview:large","max-video-preview":"max-video-preview:-1"},"canonical":"https:\/\/click-fraud-software.com\/de\/privacy-policy\/","og_locale":"de_DE","og_type":"article","og_title":"Click Fraud Software Privacy Policy","og_description":"Our Privacy Policy ensures transparency in data handling, covering data retention, user rights, and security measures to protect IT specialists, marketers, and managers worldwide.","og_url":"https:\/\/click-fraud-software.com\/de\/privacy-policy\/","og_site_name":"CFS - protect your traffic","article_modified_time":"2024-11-06T20:26:13+00:00","twitter_card":"summary_large_image","twitter_misc":{"Est. reading time":"3 minutes"},"schema":{"@context":"https:\/\/schema.org","@graph":[{"@type":"WebPage","@id":"https:\/\/click-fraud-software.com\/privacy-policy\/","url":"https:\/\/click-fraud-software.com\/privacy-policy\/","name":"Click Fraud Software Privacy Policy","isPartOf":{"@id":"https:\/\/click-fraud-software.com\/#website"},"datePublished":"2024-11-01T20:10:15+00:00","dateModified":"2024-11-06T20:26:13+00:00","description":"Our Privacy Policy ensures transparency in data handling, covering data retention, user rights, and security measures to protect IT specialists, marketers, and managers worldwide.","breadcrumb":{"@id":"https:\/\/click-fraud-software.com\/privacy-policy\/#breadcrumb"},"inLanguage":"de","potentialAction":[{"@type":"ReadAction","target":["https:\/\/click-fraud-software.com\/privacy-policy\/"]}]},{"@type":"BreadcrumbList","@id":"https:\/\/click-fraud-software.com\/privacy-policy\/#breadcrumb","itemListElement":[{"@type":"ListItem","position":1,"name":"Home","item":"https:\/\/click-fraud-software.com\/"},{"@type":"ListItem","position":2,"name":"Privacy Policy"}]},{"@type":"WebSite","@id":"https:\/\/click-fraud-software.com\/#website","url":"https:\/\/click-fraud-software.com\/","name":"CFS - protect your traffic","description":"","publisher":{"@id":"https:\/\/click-fraud-software.com\/#organization"},"potentialAction":[{"@type":"SearchAction","target":{"@type":"EntryPoint","urlTemplate":"https:\/\/click-fraud-software.com\/?s={search_term_string}"},"query-input":{"@type":"PropertyValueSpecification","valueRequired":true,"valueName":"search_term_string"}}],"inLanguage":"de"},{"@type":"Organization","@id":"https:\/\/click-fraud-software.com\/#organization","name":"CFS - protect your traffic","url":"https:\/\/click-fraud-software.com\/","logo":{"@type":"ImageObject","inLanguage":"de","@id":"https:\/\/click-fraud-software.com\/#\/schema\/logo\/image\/","url":"https:\/\/click-fraud-software.com\/wp-content\/uploads\/2024\/10\/cropped-logo-cfs.jpg","contentUrl":"https:\/\/click-fraud-software.com\/wp-content\/uploads\/2024\/10\/cropped-logo-cfs.jpg","width":115,"height":115,"caption":"CFS - protect your traffic"},"image":{"@id":"https:\/\/click-fraud-software.com\/#\/schema\/logo\/image\/"}}]}},"_links":{"self":[{"href":"https:\/\/click-fraud-software.com\/de\/wp-json\/wp\/v2\/pages\/920","targetHints":{"allow":["GET"]}}],"collection":[{"href":"https:\/\/click-fraud-software.com\/de\/wp-json\/wp\/v2\/pages"}],"about":[{"href":"https:\/\/click-fraud-software.com\/de\/wp-json\/wp\/v2\/types\/page"}],"author":[{"embeddable":true,"href":"https:\/\/click-fraud-software.com\/de\/wp-json\/wp\/v2\/users\/1"}],"replies":[{"embeddable":true,"href":"https:\/\/click-fraud-software.com\/de\/wp-json\/wp\/v2\/comments?post=920"}],"version-history":[{"count":4,"href":"https:\/\/click-fraud-software.com\/de\/wp-json\/wp\/v2\/pages\/920\/revisions"}],"predecessor-version":[{"id":929,"href":"https:\/\/click-fraud-software.com\/de\/wp-json\/wp\/v2\/pages\/920\/revisions\/929"}],"wp:attachment":[{"href":"https:\/\/click-fraud-software.com\/de\/wp-json\/wp\/v2\/media?parent=920"}],"curies":[{"name":"wp","href":"https:\/\/api.w.org\/{rel}","templated":true}]}}